{"id":20,"date":"2016-04-18T19:25:50","date_gmt":"2016-04-18T19:25:50","guid":{"rendered":"https:\/\/demos.seuti.net\/hotel\/?page_id=20"},"modified":"2017-10-25T10:41:01","modified_gmt":"2017-10-25T12:41:01","slug":"contato","status":"publish","type":"page","link":"https:\/\/hotelvaledoxingu.com\/hotel\/contato\/","title":{"rendered":"Contato"},"content":{"rendered":"<p>[vc_row parallax_bleed=&#8221;&#8221; css=&#8221;.vc_custom_1470775059836{padding-top: 0px !important;}&#8221;][vc_column width=&#8221;1\/2&#8243;][vc_column_text]<\/p>\n<h3><img decoding=\"async\" class=\"aligncenter\" src=\"http:\/\/www.voit.com.br\/wp-content\/uploads\/2016\/05\/ContactCenter_i3dfg7-1440x564_c.jpg\" \/><\/h3>\n<h3><\/h3>\n<h3><strong>Fale Conosco<\/strong><\/h3>\n<p>Seus coment\u00e1rios, sugest\u00f5es e perguntas para melhorar os nossos servi\u00e7os e aumentar a sua satisfa\u00e7\u00e3o s\u00e3o sempre bem-vindos. Preencha o formul\u00e1rio abaixo e logo entraremos em contato.[\/vc_column_text][\/vc_column][vc_column width=&#8221;1\/2&#8243;]            <div class=\"contact-page \" >\r\n                <div class=\"get-in-touch\" >\r\n                    <div class=\"get-touch-form contact_wrap\">\r\n                        <form class=\"contact-form contact_form\" method=\"post\" action=\"#\">\r\n                            <div class=\"message_contact\"><\/div>\r\n                            <input type=\"hidden\" id=\"pearl_submit_contact\" name=\"pearl_submit_contact\" value=\"5055815f17\" \/><input type=\"hidden\" name=\"_wp_http_referer\" value=\"\/hotel\/wp-json\/wp\/v2\/pages\/20\" \/>                            <div class=\"form-data\"  data-success=\"Mensagem Enviada Com Sucesso.\" data-error=\"Ocorreu um erro, tente novamente mais tarde.\" data-email=\"contato@hotelvaledoxingu.com\">\r\n                                <input name=\"username\" id=\"name\" type=\"text\" value=\"\" placeholder=\"Your Name\" \/>\r\n                                <input class=\"last\" name=\"useremail\" id=\"email_address\"  type=\"text\" value=\"\" placeholder=\"E-mail Address\" \/>\r\n                                <textarea name=\"description\" id=\"description\" cols=\"1\"  rows=\"1\" placeholder=\"Message\"><\/textarea>\r\n                                <div class=\"contact-me\">\r\n\t\t\t\t\t\t\t\t\t<input type=\"submit\" class=\"contact_now\" value=\"send message\" >\r\n\t\t\t\t\t\t\t\t<\/div>\r\n                            <\/div>\r\n                        <\/form>\r\n                    <\/div>\r\n                <\/div>\r\n            <\/div> \r\n            [\/vc_column][\/vc_row][vc_row full_width=&#8221;stretch_row_content_no_spaces&#8221; parallax_bleed=&#8221;&#8221; css=&#8221;.vc_custom_1470775039623{margin-bottom: -80px !important;padding-top: 0px !important;padding-bottom: 0px !important;}&#8221;][vc_column]            <!--Start Find Us-->\r\n            <div class=\"find-us \" >\r\n                <div class=\"get-touch\">\r\n                                                            <div class=\"map\">\r\n                        <div id=\"pearl-map-M5JTO\" style=\"height:650px;\"><\/div>\r\n\t\t\t\t\t\t<script type='text\/javascript'>\r\n\t\t\t\t\t\tvar infowindow = {content: ''};\r\n\t\t\t\t\t\tfunction prepare_google_mapM5JTO() {\r\n\t\t\t\t\t\t\tvar _mapLatlng = new google.maps.LatLng(-3.2069206, -52.207406);\r\n\t\t\t\t\t\t\tvar is_draggable\t= true;\r\n\t\t\t\t\t\t\tvar is_scrollwheel\t= true;\r\n\t\t\t\t\t\t\t\t\t\t\t\t\t\t\tif( jQuery(document).width() <= 480 ) {\r\n\t\t\t\t\t\t\t\t\tvar is_draggable = false; \/\/\r\n\t\t\t\t\t\t\t\t\tvar is_scrollwheel = false;\r\n\t\t\t\t\t\t\t\t} else{\r\n\t\t\t\t\t\t\t\t\tvar is_draggable = true;\r\n\t\t\t\t\t\t\t\t}\r\n\t\t\t\t\t\t\t\t\t\t\t\t\t\t\r\n\t\t\t\t\t\t\t\r\n\t\t\t\t\t\t\tvar mapOptions = {\r\n\t\t\t\t\t\t\t\tzoom: 16,\r\n\t\t\t\t\t\t\t\tscrollwheel: is_scrollwheel,\r\n\t\t\t\t\t\t\t\tdraggable: is_draggable,\r\n\t\t\t\t\t\t\t\tstreetViewControl: false,\r\n\t\t\t\t\t\t\t\tcenter: _mapLatlng,\r\n\t\t\t\t\t\t\t\tmapTypeId: google.maps.MapTypeId.ROADMAP,\r\n\t\t\t\t\t\t\t\tdisableDefaultUI: false,\r\n\t\t\t\t\t\t\t}\r\n\t\t\t\t\t\r\n\t\t\t\t\t\t\tvar map = new google.maps.Map(document.getElementById('pearl-map-M5JTO'), mapOptions);\r\n\t\t\t\t\t\t\t\t\t\t\t\t\t\t\r\n\t\t\t\t\t\t\t\tvar styles = pearl_get_map_styles('none');\r\n\t\t\t\t\t\t\t\tif (styles != '') {\r\n\t\t\t\t\t\t\t\t\tvar styledMap = new google.maps.StyledMapType(styles, {name: 'Styled Map'});\r\n\t\t\t\t\t\t\t\t\tmap.mapTypes.set('map_style', styledMap);\r\n\t\t\t\t\t\t\t\t\tmap.setMapTypeId('map_style');\r\n\t\t\t\t\t\t\t\t}\r\n\t\t\t\t\t\t\t\t\t\t\t\t\r\n\t\t\t\t\t\t\tvar $info_box_div = document.createElement('div');\r\n\t\t\t\t\t\r\n\t\t\t\t\t\t\t\t\t\t\t\t\t\t\t\t\t\t\t\t\t\t\t\tvar infowindow = new google.maps.InfoWindow({\r\n\t\t\t\t\t\t\t\t\t\tcontent: $info_box_div,\r\n\t\t\t\t\t\t\t\t\t\tdisableAutoPan: true,\r\n\t\t\t\t\t\t\t\t\t});\r\n\t\t\t\t\t\t\t\t\t$info_box_div.className = 'pearl-info-box-default';\r\n\t\t\t\t\t\t\t\t\t$info_box_div.innerHTML = \"Av. Jo\u00e3o Pessoa, 330-542 - Centro, Altamira - PA, 68371-163\";\r\n\t\t\t\t\t\t\t\t\t\t\t\t\t\t\t\t\t\t\t\t\r\n\t\t\t\t\t\t\tvar _settings = {\r\n\t\t\t\t\t\t\t\tposition: _mapLatlng,\r\n\t\t\t\t\t\t\t\tmap: map,\r\n\t\t\t\t\t\t\t\ttitle: '',\r\n\t\t\t\t\t\t\t\tshadow: ''\r\n\t\t\t\t\t\t\t}, animation, icon;\r\n\t\t\t\t\t\r\n\t\t\t\t\t\t\t\t\t\t\t\t\t\t\t_settings.icon = 'https:\/\/hotelvaledoxingu.com\/hotel\/wp-content\/uploads\/2016\/04\/pearl-map-1.png';\r\n\t\t\t\t\t\t\t\t\t\t\t\t\t\t\t\t\t\t\t\t\t\r\n\t\t\t\t\t\t\ttry {\r\n\t\t\t\t\t\r\n\t\t\t\t\t\t\t\tvar marker = new google.maps.Marker(_settings);\r\n\t\t\t\t\t\r\n\t\t\t\t\t\t\t\tif (infowindow.content != '') {\r\n\t\t\t\t\t\t\t\t\tinfowindow.open(map, marker);\r\n\t\t\t\t\t\t\t\t\tmap.panBy(1, -70);\r\n\t\t\t\t\t\t\t\t\tgoogle.maps.event.addListener(marker, 'click', function (event) {\r\n\t\t\t\t\t\t\t\t\t\tinfowindow.open(map, marker);\r\n\t\t\t\t\t\t\t\t\t});\r\n\t\t\t\t\t\t\t\t}\r\n\t\t\t\t\t\t\t} catch (ex) {\r\n\t\t\t\t\t\t\t\tconsole.error(ex);\r\n\t\t\t\t\t\t\t}\r\n\t\t\t\t\t\r\n\t\t\t\t\t\t}\r\n\t\t\t\t\t\r\n\t\t\t\t\t\tjQuery(document).ready(function (e) {\r\n\t\t\t\t\t\t\tgoogle.maps.event.addDomListener(window, 'load', prepare_google_mapM5JTO);\r\n\t\t\t\t\t\t\tgoogle.maps.event.addDomListener(window, 'resize', prepare_google_mapM5JTO);\r\n\t\t\t\t\t\t});\r\n\t\t\t\t\t<\/script>\t\t\r\n                                            <\/div>\r\n \t\t\t\t\t                <\/div>         \t\t\r\n            <\/div>\r\n            [\/vc_column][\/vc_row]<\/p>\n","protected":false},"excerpt":{"rendered":"<p>[vc_row parallax_bleed=&#8221;&#8221; css=&#8221;.vc_custom_1470775059836{padding-top: 0px !important;}&#8221;][vc_column width=&#8221;1\/2&#8243;][vc_column_text] Fale Conosco Seus coment\u00e1rios, sugest\u00f5es e perguntas para melhorar os nossos servi\u00e7os e aumentar a sua satisfa\u00e7\u00e3o s\u00e3o sempre bem-vindos. Preencha o formul\u00e1rio abaixo e logo entraremos em contato.[\/vc_column_text][\/vc_column][vc_column width=&#8221;1\/2&#8243;][\/vc_column][\/vc_row][vc_row full_width=&#8221;stretch_row_content_no_spaces&#8221; parallax_bleed=&#8221;&#8221; css=&#8221;.vc_custom_1470775039623{margin-bottom: -80px !important;padding-top: 0px !important;padding-bottom: 0px !important;}&#8221;][vc_column][\/vc_column][\/vc_row]<\/p>\n","protected":false},"author":1,"featured_media":0,"parent":0,"menu_order":0,"comment_status":"closed","ping_status":"closed","template":"","meta":{"footnotes":""},"class_list":["post-20","page","type-page","status-publish","hentry"],"_links":{"self":[{"href":"https:\/\/hotelvaledoxingu.com\/hotel\/wp-json\/wp\/v2\/pages\/20","targetHints":{"allow":["GET"]}}],"collection":[{"href":"https:\/\/hotelvaledoxingu.com\/hotel\/wp-json\/wp\/v2\/pages"}],"about":[{"href":"https:\/\/hotelvaledoxingu.com\/hotel\/wp-json\/wp\/v2\/types\/page"}],"author":[{"embeddable":true,"href":"https:\/\/hotelvaledoxingu.com\/hotel\/wp-json\/wp\/v2\/users\/1"}],"replies":[{"embeddable":true,"href":"https:\/\/hotelvaledoxingu.com\/hotel\/wp-json\/wp\/v2\/comments?post=20"}],"version-history":[{"count":17,"href":"https:\/\/hotelvaledoxingu.com\/hotel\/wp-json\/wp\/v2\/pages\/20\/revisions"}],"predecessor-version":[{"id":509,"href":"https:\/\/hotelvaledoxingu.com\/hotel\/wp-json\/wp\/v2\/pages\/20\/revisions\/509"}],"wp:attachment":[{"href":"https:\/\/hotelvaledoxingu.com\/hotel\/wp-json\/wp\/v2\/media?parent=20"}],"curies":[{"name":"wp","href":"https:\/\/api.w.org\/{rel}","templated":true}]}}